{"id":2989,"date":"2026-03-04T18:34:35","date_gmt":"2026-03-04T17:34:35","guid":{"rendered":"https:\/\/pod.consulting\/?page_id=2989"},"modified":"2026-03-17T14:32:09","modified_gmt":"2026-03-17T13:32:09","slug":"services","status":"publish","type":"page","link":"https:\/\/pod.consulting\/index.php\/services\/","title":{"rendered":"Nos Services"},"content":{"rendered":"<div class=\"fusion-fullwidth fullwidth-box fusion-builder-row-1 fusion-flex-container has-pattern-background has-mask-background nonhundred-percent-fullwidth non-hundred-percent-height-scrolling\" style=\"--awb-border-radius-top-left:0px;--awb-border-radius-top-right:0px;--awb-border-radius-bottom-right:0px;--awb-border-radius-bottom-left:0px;--awb-padding-top:3%;--awb-padding-bottom:10%;--awb-margin-top:0px;--awb-min-height:200px;--awb-background-image:linear-gradient(180deg, var(--awb-color1) 0%,var(--awb-color5) 100%);--awb-flex-wrap:wrap;\" ><div class=\"awb-background-mask\" style=\"background-image:  url(data:image\/svg+xml;utf8,%3Csvg%20width%3D%221920%22%20height%3D%22954%22%20fill%3D%22none%22%20xmlns%3D%22http%3A%2F%2Fwww.w3.org%2F2000%2Fsvg%22%3E%3Cpath%20fill-rule%3D%22evenodd%22%20clip-rule%3D%22evenodd%22%20d%3D%22M0%20708.798V954h1326.42l-3.72-13.882a95.994%2095.994%200%200124.84-92.729l147.89-147.89c24.26-24.252%2059.6-33.724%2092.73-24.847l202.02%2054.132a96.012%2096.012%200%200167.89%2067.882L1900.22%20954H1920V0H767.891a199.9%20199.9%200%20012.183%20111.078L669.378%20486.881c-18.493%2069.019-72.403%20122.928-141.421%20141.422L152.154%20728.999C100.099%20742.947%2045.414%20735.151%200%20708.798zM1595.66%20258.87a23.996%2023.996%200%2001-23.18-6.211l-36.98-36.973a24.004%2024.004%200%2001-6.21-23.182l13.53-50.506a24%2024%200%200116.98-16.97l50.5-13.533c8.28-2.22%2017.12.148%2023.18%206.211l36.98%2036.973a24.004%2024.004%200%20016.21%2023.182l-13.54%2050.506a23.97%2023.97%200%2001-16.97%2016.97l-50.5%2013.533z%22%20fill%3D%22rgba%28255%2C255%2C255%2C1%29%22%2F%3E%3C%2Fsvg%3E);opacity: 0.44 ;transform: scale(1, 1);mix-blend-mode:normal;\"><\/div><div class=\"fusion-builder-row fusion-row fusion-flex-align-items-flex-start fusion-flex-content-wrap\" style=\"max-width:1331.2px;margin-left: calc(-4% \/ 2 );margin-right: calc(-4% \/ 2 );\"><div class=\"fusion-layout-column fusion_builder_column fusion-builder-column-0 fusion_builder_column_1_1 1_1 fusion-flex-column\" style=\"--awb-padding-top:60px;--awb-padding-bottom:60px;--awb-bg-size:cover;--awb-width-large:100%;--awb-margin-top-large:20px;--awb-spacing-right-large:1.92%;--awb-margin-bottom-large:0px;--awb-spacing-left-large:1.92%;--awb-width-medium:100%;--awb-order-medium:0;--awb-spacing-right-medium:1.92%;--awb-spacing-left-medium:1.92%;--awb-width-small:100%;--awb-order-small:0;--awb-spacing-right-small:1.92%;--awb-spacing-left-small:1.92%;\"><div class=\"fusion-column-wrapper fusion-column-has-shadow fusion-flex-justify-content-flex-start fusion-content-layout-column\"><div class=\"awb-circles-info icons-on-outer-circle has-bg-color has-box-shadow\" style=\"--awb-max-width:600px;--awb-icon-circle-size:2px;--awb-content-circle-size:2px;--awb-content-padding:41px;--awb-icon-size:34px;--awb-icon-bg-color:var(--awb-color7);--awb-icon-bg-active-color:var(--awb-color5);--awb-box-shadow-color:var(--awb-color1);--awb-title-font-size:40px;--awb-title-color:var(--awb-color5);--awb-title-hover-color:var(--awb-color7);--awb-background-color:var(--awb-color1);--awb-gradient-start-position:0%;--awb-gradient-end-position:100%;--awb-linear-angle:180deg;--awb-radial-direction:circle at center center;--awb-content-text-transform:none;--awb-icon-circle-border-style:dotted;--awb-title-font-family:&quot;ADLaM Display&quot;;--awb-title-font-style:normal;--awb-title-font-weight:400;\" data-auto-rotation=\"yes\" data-auto-rotation-time=\"2500\" data-pause-on-hover=\"yes\" data-activation-type=\"mouseover\"><div class=\"awb-circles-info-wrapper\"><div class=\"awb-circles-info-icons-wrapper\"><div class=\"awb-circles-info-tab-link\" data-id=\"1\"><span><i class=\"fa-chart-pie fas\"><\/i><\/span><\/div><div class=\"awb-circles-info-tab-link\" data-id=\"2\"><span><i class=\"fa-project-diagram fas\"><\/i><\/span><\/div><div class=\"awb-circles-info-tab-link\" data-id=\"3\"><span><i class=\"fa-rocket fas\"><\/i><\/span><\/div><div class=\"awb-circles-info-tab-link\" data-id=\"4\"><span><i class=\"fa-sun fas\"><\/i><\/span><\/div><\/div><div class=\"awb-circles-info-content-wrapper\"><div class=\"awb-circle-info awb-circles-info-content-area awb-circle-info-1 link-area-box\" data-id=\"1\" style=\"--awb-content-color:var(--awb-color7);\" data-link=\"https:\/\/pod.consulting\/index.php\/services\/analytics\/\" data-link-target=\"_self\"><div class=\"awb-circles-info-title\"><a href=\"https:\/\/pod.consulting\/index.php\/services\/analytics\/\" target=\"_self\">Data Products &amp; Analytics<\/a><\/div><div class=\"awb-circles-info-text\">Cr\u00e9ez des produits Data \u00e0 forte valeur ajout\u00e9e<\/div><\/div><div class=\"awb-circle-info awb-circles-info-content-area awb-circle-info-2 link-area-box\" data-id=\"2\" style=\"--awb-content-color:var(--awb-color7);\" data-link=\"https:\/\/pod.consulting\/index.php\/services\/automationia\/\" data-link-target=\"_self\"><div class=\"awb-circles-info-title\"><a href=\"https:\/\/pod.consulting\/index.php\/services\/automationia\/\" target=\"_self\">Automation &amp; IA<\/a><\/div><div class=\"awb-circles-info-text\">Modernisez vos process m\u00e9tier<\/div><\/div><div class=\"awb-circle-info awb-circles-info-content-area awb-circle-info-3 link-area-box\" data-id=\"3\" style=\"--awb-content-color:var(--awb-color7);\" data-link=\"https:\/\/pod.consulting\/index.php\/services\/strategypilotage\/\" data-link-target=\"_self\"><div class=\"awb-circles-info-title\"><a href=\"https:\/\/pod.consulting\/index.php\/services\/strategypilotage\/\" target=\"_self\">Data strategy &amp; Pilotage<\/a><\/div><div class=\"awb-circles-info-text\">D\u00e9ployez une vraie vision Data<\/div><\/div><div class=\"awb-circle-info awb-circles-info-content-area awb-circle-info-4\" data-id=\"4\" style=\"--awb-content-color:var(--awb-color7);\"><div class=\"awb-circles-info-title\">Data culture &amp; Gouvernance<\/div><div class=\"awb-circles-info-text\">Faites rayonner votre Data et vos \u00e9quipes<\/div><\/div><\/div><\/div><\/div><\/div><\/div><div class=\"fusion-layout-column fusion_builder_column fusion-builder-column-1 fusion_builder_column_1_1 1_1 fusion-flex-column\" style=\"--awb-bg-blend:overlay;--awb-bg-size:cover;--awb-width-large:100%;--awb-margin-top-large:0px;--awb-spacing-right-large:1.92%;--awb-margin-bottom-large:0px;--awb-spacing-left-large:1.92%;--awb-width-medium:100%;--awb-spacing-right-medium:1.92%;--awb-spacing-left-medium:1.92%;--awb-width-small:100%;--awb-spacing-right-small:1.92%;--awb-spacing-left-small:1.92%;\"><div class=\"fusion-column-wrapper fusion-column-has-shadow fusion-flex-justify-content-flex-start fusion-content-layout-column\"><div class=\"fusion-image-carousel fusion-image-carousel-fixed fusion-image-carousel-1\" style=\"margin-top:140px;\"><div class=\"awb-carousel awb-swiper awb-swiper-carousel\" data-autoplay=\"yes\" data-columns=\"4\" data-itemmargin=\"13\" data-itemwidth=\"180\" data-touchscroll=\"no\" data-imagesize=\"fixed\" style=\"--awb-columns:4;\"><div class=\"swiper-wrapper awb-image-carousel-wrapper fusion-flex-align-items-center\"><div class=\"swiper-slide\"><div class=\"fusion-carousel-item-wrapper\"><div class=\"fusion-image-wrapper hover-type-zoomin\"><img decoding=\"async\" width=\"320\" height=\"202\" src=\"data:image\/svg+xml,%3Csvg%20xmlns%3D%27http%3A%2F%2Fwww.w3.org%2F2000%2Fsvg%27%20width%3D%271900%27%20height%3D%27783%27%20viewBox%3D%270%200%201900%20783%27%3E%3Crect%20width%3D%271900%27%20height%3D%27783%27%20fill-opacity%3D%220%22%2F%3E%3C%2Fsvg%3E\" class=\"attachment-blog-medium size-blog-medium lazyload\" alt=\"\" data-orig-src=\"https:\/\/pod.consulting\/wp-content\/uploads\/2024\/03\/LUXE-320x202.png\" \/><\/div><\/div><\/div><div class=\"swiper-slide\"><div class=\"fusion-carousel-item-wrapper\"><div class=\"fusion-image-wrapper hover-type-zoomin\"><img decoding=\"async\" width=\"320\" height=\"202\" src=\"data:image\/svg+xml,%3Csvg%20xmlns%3D%27http%3A%2F%2Fwww.w3.org%2F2000%2Fsvg%27%20width%3D%271900%27%20height%3D%27783%27%20viewBox%3D%270%200%201900%20783%27%3E%3Crect%20width%3D%271900%27%20height%3D%27783%27%20fill-opacity%3D%220%22%2F%3E%3C%2Fsvg%3E\" class=\"attachment-blog-medium size-blog-medium lazyload\" alt=\"\" data-orig-src=\"https:\/\/pod.consulting\/wp-content\/uploads\/2024\/03\/RETAIL-320x202.png\" \/><\/div><\/div><\/div><div class=\"swiper-slide\"><div class=\"fusion-carousel-item-wrapper\"><div class=\"fusion-image-wrapper hover-type-zoomin\"><img decoding=\"async\" width=\"320\" height=\"202\" src=\"data:image\/svg+xml,%3Csvg%20xmlns%3D%27http%3A%2F%2Fwww.w3.org%2F2000%2Fsvg%27%20width%3D%271901%27%20height%3D%27783%27%20viewBox%3D%270%200%201901%20783%27%3E%3Crect%20width%3D%271901%27%20height%3D%27783%27%20fill-opacity%3D%220%22%2F%3E%3C%2Fsvg%3E\" class=\"attachment-blog-medium size-blog-medium lazyload\" alt=\"\" data-orig-src=\"https:\/\/pod.consulting\/wp-content\/uploads\/2024\/03\/SANTE-320x202.png\" \/><\/div><\/div><\/div><div class=\"swiper-slide\"><div class=\"fusion-carousel-item-wrapper\"><div class=\"fusion-image-wrapper hover-type-zoomin\"><img decoding=\"async\" width=\"320\" height=\"202\" src=\"data:image\/svg+xml,%3Csvg%20xmlns%3D%27http%3A%2F%2Fwww.w3.org%2F2000%2Fsvg%27%20width%3D%271901%27%20height%3D%27783%27%20viewBox%3D%270%200%201901%20783%27%3E%3Crect%20width%3D%271901%27%20height%3D%27783%27%20fill-opacity%3D%220%22%2F%3E%3C%2Fsvg%3E\" class=\"attachment-blog-medium size-blog-medium lazyload\" alt=\"\" data-orig-src=\"https:\/\/pod.consulting\/wp-content\/uploads\/2024\/03\/AGRO-320x202.png\" \/><\/div><\/div><\/div><div class=\"swiper-slide\"><div class=\"fusion-carousel-item-wrapper\"><div class=\"fusion-image-wrapper hover-type-zoomin\"><img decoding=\"async\" width=\"320\" height=\"202\" src=\"data:image\/svg+xml,%3Csvg%20xmlns%3D%27http%3A%2F%2Fwww.w3.org%2F2000%2Fsvg%27%20width%3D%271900%27%20height%3D%27783%27%20viewBox%3D%270%200%201900%20783%27%3E%3Crect%20width%3D%271900%27%20height%3D%27783%27%20fill-opacity%3D%220%22%2F%3E%3C%2Fsvg%3E\" class=\"attachment-blog-medium size-blog-medium lazyload\" alt=\"\" data-orig-src=\"https:\/\/pod.consulting\/wp-content\/uploads\/2024\/03\/CRM-320x202.png\" \/><\/div><\/div><\/div><div class=\"swiper-slide\"><div class=\"fusion-carousel-item-wrapper\"><div class=\"fusion-image-wrapper hover-type-zoomin\"><img decoding=\"async\" width=\"320\" height=\"202\" src=\"data:image\/svg+xml,%3Csvg%20xmlns%3D%27http%3A%2F%2Fwww.w3.org%2F2000%2Fsvg%27%20width%3D%271901%27%20height%3D%27783%27%20viewBox%3D%270%200%201901%20783%27%3E%3Crect%20width%3D%271901%27%20height%3D%27783%27%20fill-opacity%3D%220%22%2F%3E%3C%2Fsvg%3E\" class=\"attachment-blog-medium size-blog-medium lazyload\" alt=\"\" data-orig-src=\"https:\/\/pod.consulting\/wp-content\/uploads\/2024\/03\/RH-320x202.png\" \/><\/div><\/div><\/div><div class=\"swiper-slide\"><div class=\"fusion-carousel-item-wrapper\"><div class=\"fusion-image-wrapper hover-type-zoomin\"><img decoding=\"async\" width=\"320\" height=\"202\" src=\"data:image\/svg+xml,%3Csvg%20xmlns%3D%27http%3A%2F%2Fwww.w3.org%2F2000%2Fsvg%27%20width%3D%271921%27%20height%3D%271225%27%20viewBox%3D%270%200%201921%201225%27%3E%3Crect%20width%3D%271921%27%20height%3D%271225%27%20fill-opacity%3D%220%22%2F%3E%3C%2Fsvg%3E\" class=\"attachment-blog-medium size-blog-medium lazyload\" alt=\"\" data-orig-src=\"https:\/\/pod.consulting\/wp-content\/uploads\/2024\/03\/SUPPLY-320x202.png\" \/><\/div><\/div><\/div><div class=\"swiper-slide\"><div class=\"fusion-carousel-item-wrapper\"><div class=\"fusion-image-wrapper hover-type-zoomin\"><img decoding=\"async\" width=\"320\" height=\"202\" src=\"data:image\/svg+xml,%3Csvg%20xmlns%3D%27http%3A%2F%2Fwww.w3.org%2F2000%2Fsvg%27%20width%3D%271900%27%20height%3D%27782%27%20viewBox%3D%270%200%201900%20782%27%3E%3Crect%20width%3D%271900%27%20height%3D%27782%27%20fill-opacity%3D%220%22%2F%3E%3C%2Fsvg%3E\" class=\"attachment-blog-medium size-blog-medium lazyload\" alt=\"\" data-orig-src=\"https:\/\/pod.consulting\/wp-content\/uploads\/2024\/03\/BI-320x202.png\" \/><\/div><\/div><\/div><div class=\"swiper-slide\"><div class=\"fusion-carousel-item-wrapper\"><div class=\"fusion-image-wrapper hover-type-zoomin\"><img decoding=\"async\" width=\"320\" height=\"202\" src=\"data:image\/svg+xml,%3Csvg%20xmlns%3D%27http%3A%2F%2Fwww.w3.org%2F2000%2Fsvg%27%20width%3D%271901%27%20height%3D%27783%27%20viewBox%3D%270%200%201901%20783%27%3E%3Crect%20width%3D%271901%27%20height%3D%27783%27%20fill-opacity%3D%220%22%2F%3E%3C%2Fsvg%3E\" class=\"attachment-blog-medium size-blog-medium lazyload\" alt=\"\" data-orig-src=\"https:\/\/pod.consulting\/wp-content\/uploads\/2024\/03\/WEB-320x202.png\" \/><\/div><\/div><\/div><\/div><div class=\"awb-swiper-button awb-swiper-button-prev\"><i class=\"awb-icon-angle-left\" aria-hidden=\"true\"><\/i><\/div><div class=\"awb-swiper-button awb-swiper-button-next\"><i class=\"awb-icon-angle-right\" aria-hidden=\"true\"><\/i><\/div><\/div><\/div><\/div><\/div><\/div><\/div>\n","protected":false},"excerpt":{"rendered":"","protected":false},"author":1,"featured_media":0,"parent":0,"menu_order":0,"comment_status":"closed","ping_status":"closed","template":"100-width.php","meta":{"footnotes":""},"class_list":["post-2989","page","type-page","status-publish","hentry"],"_links":{"self":[{"href":"https:\/\/pod.consulting\/index.php\/wp-json\/wp\/v2\/pages\/2989","targetHints":{"allow":["GET"]}}],"collection":[{"href":"https:\/\/pod.consulting\/index.php\/wp-json\/wp\/v2\/pages"}],"about":[{"href":"https:\/\/pod.consulting\/index.php\/wp-json\/wp\/v2\/types\/page"}],"author":[{"embeddable":true,"href":"https:\/\/pod.consulting\/index.php\/wp-json\/wp\/v2\/users\/1"}],"replies":[{"embeddable":true,"href":"https:\/\/pod.consulting\/index.php\/wp-json\/wp\/v2\/comments?post=2989"}],"version-history":[{"count":78,"href":"https:\/\/pod.consulting\/index.php\/wp-json\/wp\/v2\/pages\/2989\/revisions"}],"predecessor-version":[{"id":3267,"href":"https:\/\/pod.consulting\/index.php\/wp-json\/wp\/v2\/pages\/2989\/revisions\/3267"}],"wp:attachment":[{"href":"https:\/\/pod.consulting\/index.php\/wp-json\/wp\/v2\/media?parent=2989"}],"curies":[{"name":"wp","href":"https:\/\/api.w.org\/{rel}","templated":true}]}}